{"id":198,"date":"2025-02-21T15:16:43","date_gmt":"2025-02-21T13:16:43","guid":{"rendered":"https:\/\/ritagargarita.ro\/?page_id=198"},"modified":"2025-02-21T15:27:16","modified_gmt":"2025-02-21T13:27:16","slug":"despre-noi","status":"publish","type":"page","link":"https:\/\/ritagargarita.ro\/index.php\/despre-noi\/","title":{"rendered":"Despre noi"},"content":{"rendered":"\n<div class=\"alignnormal\"><div id=\"metaslider-id-232\" style=\"width: 100%;\" class=\"ml-slider-3-102-0 metaslider metaslider-flex metaslider-232 ml-slider has-dots-nav has-carousel-mode ms-theme-default-base\" role=\"region\" aria-label=\"Gradinita\" data-height=\"300\" data-width=\"700\">\n    <div id=\"metaslider_container_232\">\n        <div id=\"metaslider_232\">\n            <ul class='slides'>\n                <li style=\"display: none; width: 100%;\" class=\"slide-233 ms-image \" aria-roledescription=\"slide\" data-date=\"2025-02-21 15:23:49\" data-slide-type=\"image\"><img loading=\"lazy\" decoding=\"async\" src=\"https:\/\/ritagargarita.ro\/wp-content\/uploads\/2025\/02\/2-700x300.jpeg\" height=\"300\" width=\"700\" alt=\"\" class=\"slider-232 slide-233 msDefaultImage\" title=\"2\" \/><\/li>\n                <li style=\"display: none; width: 100%;\" class=\"slide-234 ms-image \" aria-roledescription=\"slide\" data-date=\"2025-02-21 15:23:49\" data-slide-type=\"image\"><img loading=\"lazy\" decoding=\"async\" src=\"https:\/\/ritagargarita.ro\/wp-content\/uploads\/2025\/02\/1-700x300.jpeg\" height=\"300\" width=\"700\" alt=\"\" class=\"slider-232 slide-234 msDefaultImage\" title=\"1\" \/><\/li>\n                <li style=\"display: none; width: 100%;\" class=\"slide-235 ms-image \" aria-roledescription=\"slide\" data-date=\"2025-02-21 15:23:49\" data-slide-type=\"image\"><img loading=\"lazy\" decoding=\"async\" src=\"https:\/\/ritagargarita.ro\/wp-content\/uploads\/2025\/02\/21-700x300.jpeg\" height=\"300\" width=\"700\" alt=\"\" class=\"slider-232 slide-235 msDefaultImage\" title=\"21\" \/><\/li>\n                <li style=\"display: none; width: 100%;\" class=\"slide-236 ms-image \" aria-roledescription=\"slide\" data-date=\"2025-02-21 15:23:49\" data-slide-type=\"image\"><img loading=\"lazy\" decoding=\"async\" src=\"https:\/\/ritagargarita.ro\/wp-content\/uploads\/2025\/02\/20-700x300.jpeg\" height=\"300\" width=\"700\" alt=\"\" class=\"slider-232 slide-236 msDefaultImage\" title=\"20\" \/><\/li>\n                <li style=\"display: none; width: 100%;\" class=\"slide-237 ms-image \" aria-roledescription=\"slide\" data-date=\"2025-02-21 15:23:49\" data-slide-type=\"image\"><img loading=\"lazy\" decoding=\"async\" src=\"https:\/\/ritagargarita.ro\/wp-content\/uploads\/2025\/02\/19-700x300.jpeg\" height=\"300\" width=\"700\" alt=\"\" class=\"slider-232 slide-237 msDefaultImage\" title=\"19\" \/><\/li>\n                <li style=\"display: none; width: 100%;\" class=\"slide-238 ms-image \" aria-roledescription=\"slide\" data-date=\"2025-02-21 15:23:49\" data-slide-type=\"image\"><img loading=\"lazy\" decoding=\"async\" src=\"https:\/\/ritagargarita.ro\/wp-content\/uploads\/2025\/02\/18-700x300.jpeg\" height=\"300\" width=\"700\" alt=\"\" class=\"slider-232 slide-238 msDefaultImage\" title=\"18\" \/><\/li>\n                <li style=\"display: none; width: 100%;\" class=\"slide-239 ms-image \" aria-roledescription=\"slide\" data-date=\"2025-02-21 15:23:49\" data-slide-type=\"image\"><img loading=\"lazy\" decoding=\"async\" src=\"https:\/\/ritagargarita.ro\/wp-content\/uploads\/2025\/02\/17-700x300.jpeg\" height=\"300\" width=\"700\" alt=\"\" class=\"slider-232 slide-239 msDefaultImage\" title=\"17\" \/><\/li>\n                <li style=\"display: none; width: 100%;\" class=\"slide-240 ms-image \" aria-roledescription=\"slide\" data-date=\"2025-02-21 15:23:49\" data-slide-type=\"image\"><img loading=\"lazy\" decoding=\"async\" src=\"https:\/\/ritagargarita.ro\/wp-content\/uploads\/2025\/02\/16-700x300.jpeg\" height=\"300\" width=\"700\" alt=\"\" class=\"slider-232 slide-240 msDefaultImage\" title=\"16\" \/><\/li>\n                <li style=\"display: none; width: 100%;\" class=\"slide-241 ms-image \" aria-roledescription=\"slide\" data-date=\"2025-02-21 15:23:49\" data-slide-type=\"image\"><img loading=\"lazy\" decoding=\"async\" src=\"https:\/\/ritagargarita.ro\/wp-content\/uploads\/2025\/02\/15-688x294.jpeg\" height=\"300\" width=\"700\" alt=\"\" class=\"slider-232 slide-241 msDefaultImage\" title=\"15\" \/><\/li>\n                <li style=\"display: none; width: 100%;\" class=\"slide-242 ms-image \" aria-roledescription=\"slide\" data-date=\"2025-02-21 15:23:50\" data-slide-type=\"image\"><img loading=\"lazy\" decoding=\"async\" src=\"https:\/\/ritagargarita.ro\/wp-content\/uploads\/2025\/02\/14-700x300.jpeg\" height=\"300\" width=\"700\" alt=\"\" class=\"slider-232 slide-242 msDefaultImage\" title=\"14\" \/><\/li>\n                <li style=\"display: none; width: 100%;\" class=\"slide-243 ms-image \" aria-roledescription=\"slide\" data-date=\"2025-02-21 15:23:50\" data-slide-type=\"image\"><img loading=\"lazy\" decoding=\"async\" src=\"https:\/\/ritagargarita.ro\/wp-content\/uploads\/2025\/02\/13-700x300.jpeg\" height=\"300\" width=\"700\" alt=\"\" class=\"slider-232 slide-243 msDefaultImage\" title=\"13\" \/><\/li>\n                <li style=\"display: none; width: 100%;\" class=\"slide-244 ms-image \" aria-roledescription=\"slide\" data-date=\"2025-02-21 15:23:50\" data-slide-type=\"image\"><img loading=\"lazy\" decoding=\"async\" src=\"https:\/\/ritagargarita.ro\/wp-content\/uploads\/2025\/02\/12-688x294.jpeg\" height=\"300\" width=\"700\" alt=\"\" class=\"slider-232 slide-244 msDefaultImage\" title=\"12\" \/><\/li>\n                <li style=\"display: none; width: 100%;\" class=\"slide-245 ms-image \" aria-roledescription=\"slide\" data-date=\"2025-02-21 15:23:50\" data-slide-type=\"image\"><img loading=\"lazy\" decoding=\"async\" src=\"https:\/\/ritagargarita.ro\/wp-content\/uploads\/2025\/02\/10-688x294.jpeg\" height=\"300\" width=\"700\" alt=\"\" class=\"slider-232 slide-245 msDefaultImage\" title=\"10\" \/><\/li>\n                <li style=\"display: none; width: 100%;\" class=\"slide-246 ms-image \" aria-roledescription=\"slide\" data-date=\"2025-02-21 15:23:50\" data-slide-type=\"image\"><img loading=\"lazy\" decoding=\"async\" src=\"https:\/\/ritagargarita.ro\/wp-content\/uploads\/2025\/02\/11-688x294.jpeg\" height=\"300\" width=\"700\" alt=\"\" class=\"slider-232 slide-246 msDefaultImage\" title=\"11\" \/><\/li>\n                <li style=\"display: none; width: 100%;\" class=\"slide-247 ms-image \" aria-roledescription=\"slide\" data-date=\"2025-02-21 15:23:50\" data-slide-type=\"image\"><img loading=\"lazy\" decoding=\"async\" src=\"https:\/\/ritagargarita.ro\/wp-content\/uploads\/2025\/02\/9-688x294.jpeg\" height=\"300\" width=\"700\" alt=\"\" class=\"slider-232 slide-247 msDefaultImage\" title=\"9\" \/><\/li>\n                <li style=\"display: none; width: 100%;\" class=\"slide-248 ms-image \" aria-roledescription=\"slide\" data-date=\"2025-02-21 15:23:50\" data-slide-type=\"image\"><img loading=\"lazy\" decoding=\"async\" src=\"https:\/\/ritagargarita.ro\/wp-content\/uploads\/2025\/02\/8-688x294.jpeg\" height=\"300\" width=\"700\" alt=\"\" class=\"slider-232 slide-248 msDefaultImage\" title=\"8\" \/><\/li>\n                <li style=\"display: none; width: 100%;\" class=\"slide-249 ms-image \" aria-roledescription=\"slide\" data-date=\"2025-02-21 15:23:50\" data-slide-type=\"image\"><img loading=\"lazy\" decoding=\"async\" src=\"https:\/\/ritagargarita.ro\/wp-content\/uploads\/2025\/02\/7-688x294.jpeg\" height=\"300\" width=\"700\" alt=\"\" class=\"slider-232 slide-249 msDefaultImage\" title=\"7\" \/><\/li>\n                <li style=\"display: none; width: 100%;\" class=\"slide-250 ms-image \" aria-roledescription=\"slide\" data-date=\"2025-02-21 15:23:50\" data-slide-type=\"image\"><img loading=\"lazy\" decoding=\"async\" src=\"https:\/\/ritagargarita.ro\/wp-content\/uploads\/2025\/02\/6-688x294.jpeg\" height=\"300\" width=\"700\" alt=\"\" class=\"slider-232 slide-250 msDefaultImage\" title=\"6\" \/><\/li>\n                <li style=\"display: none; width: 100%;\" class=\"slide-251 ms-image \" aria-roledescription=\"slide\" data-date=\"2025-02-21 15:23:51\" data-slide-type=\"image\"><img loading=\"lazy\" decoding=\"async\" src=\"https:\/\/ritagargarita.ro\/wp-content\/uploads\/2025\/02\/5-688x294.jpeg\" height=\"300\" width=\"700\" alt=\"\" class=\"slider-232 slide-251 msDefaultImage\" title=\"5\" \/><\/li>\n                <li style=\"display: none; width: 100%;\" class=\"slide-252 ms-image \" aria-roledescription=\"slide\" data-date=\"2025-02-21 15:23:51\" data-slide-type=\"image\"><img loading=\"lazy\" decoding=\"async\" src=\"https:\/\/ritagargarita.ro\/wp-content\/uploads\/2025\/02\/4-700x300.jpeg\" height=\"300\" width=\"700\" alt=\"\" class=\"slider-232 slide-252 msDefaultImage\" title=\"4\" \/><\/li>\n                <li style=\"display: none; width: 100%;\" class=\"slide-253 ms-image \" aria-roledescription=\"slide\" data-date=\"2025-02-21 15:23:51\" data-slide-type=\"image\"><img loading=\"lazy\" decoding=\"async\" src=\"https:\/\/ritagargarita.ro\/wp-content\/uploads\/2025\/02\/3-688x294.jpeg\" height=\"300\" width=\"700\" alt=\"\" class=\"slider-232 slide-253 msDefaultImage\" title=\"3\" \/><\/li>\n            <\/ul>\n        <\/div>\n        \n    <\/div>\n<\/div><\/div>\n\n\n\n<p>Gr\u0103dini\u021ba cu Program Prelungit \u201eRi\u021ba G\u0103rg\u0103ri\u021ba\u201d din Agigea, \u00ee\u0219i propune, \u00een esen\u021b\u0103, s\u0103 formeze copiilor de v\u00e2rst\u0103 pre\u0219colar\u0103 o personalitate armonioas\u0103, creativ\u0103, ata\u0219at\u0103 valorilor na\u021bionale \u0219i europene, inspir\u00e2ndu-se \u00een ac\u021biunea sa educativ\u0103 din principiile pedagogiei, asigur\u00e2nd un cadru educa\u021bional foarte variat si performant.<\/p>\n","protected":false},"excerpt":{"rendered":"<p>Gr\u0103dini\u021ba cu Program Prelungit \u201eRi\u021ba G\u0103rg\u0103ri\u021ba\u201d din Agigea, \u00ee\u0219i propune, \u00een esen\u021b\u0103, s\u0103 formeze copiilor de v\u00e2rst\u0103 pre\u0219colar\u0103 o personalitate armonioas\u0103, creativ\u0103, ata\u0219at\u0103 valorilor na\u021bionale \u0219i europene, inspir\u00e2ndu-se \u00een ac\u021biunea [&hellip;]<\/p>\n","protected":false},"author":1,"featured_media":0,"parent":0,"menu_order":0,"comment_status":"closed","ping_status":"closed","template":"page-right-sidebar","meta":{"footnotes":""},"class_list":["post-198","page","type-page","status-publish","hentry"],"_links":{"self":[{"href":"https:\/\/ritagargarita.ro\/index.php\/wp-json\/wp\/v2\/pages\/198","targetHints":{"allow":["GET"]}}],"collection":[{"href":"https:\/\/ritagargarita.ro\/index.php\/wp-json\/wp\/v2\/pages"}],"about":[{"href":"https:\/\/ritagargarita.ro\/index.php\/wp-json\/wp\/v2\/types\/page"}],"author":[{"embeddable":true,"href":"https:\/\/ritagargarita.ro\/index.php\/wp-json\/wp\/v2\/users\/1"}],"replies":[{"embeddable":true,"href":"https:\/\/ritagargarita.ro\/index.php\/wp-json\/wp\/v2\/comments?post=198"}],"version-history":[{"count":2,"href":"https:\/\/ritagargarita.ro\/index.php\/wp-json\/wp\/v2\/pages\/198\/revisions"}],"predecessor-version":[{"id":255,"href":"https:\/\/ritagargarita.ro\/index.php\/wp-json\/wp\/v2\/pages\/198\/revisions\/255"}],"wp:attachment":[{"href":"https:\/\/ritagargarita.ro\/index.php\/wp-json\/wp\/v2\/media?parent=198"}],"curies":[{"name":"wp","href":"https:\/\/api.w.org\/{rel}","templated":true}]}}